{"id":4311,"date":"2020-10-02T10:54:09","date_gmt":"2020-10-02T16:54:09","guid":{"rendered":"http:\/\/cetis27.edu.mx\/?page_id=4311"},"modified":"2024-05-29T17:33:00","modified_gmt":"2024-05-29T23:33:00","slug":"mision-vision-y-valores","status":"publish","type":"page","link":"https:\/\/cetis27.edu.mx\/?page_id=4311","title":{"rendered":"Misi\u00f3n, Visi\u00f3n y Valores"},"content":{"rendered":"\t\t<div data-elementor-type=\"wp-page\" data-elementor-id=\"4311\" class=\"elementor elementor-4311\">\n\t\t\t\t\t\t\t\t\t<section class=\"elementor-section elementor-top-section elementor-element elementor-element-7e75ed02 elementor-section-boxed elementor-section-height-default elementor-section-height-default\" data-id=\"7e75ed02\" data-element_type=\"section\">\n\t\t\t\t\t\t<div class=\"elementor-container elementor-column-gap-default\">\n\t\t\t\t\t<div class=\"elementor-column elementor-col-100 elementor-top-column elementor-element elementor-element-2f24c104\" data-id=\"2f24c104\" data-element_type=\"column\">\n\t\t\t<div class=\"elementor-widget-wrap elementor-element-populated\">\n\t\t\t\t\t\t\t\t<div class=\"elementor-element elementor-element-32557ae1 animated-slow elementor-invisible elementor-widget elementor-widget-text-editor\" data-id=\"32557ae1\" data-element_type=\"widget\" data-settings=\"{&quot;_animation&quot;:&quot;fadeIn&quot;}\" data-widget_type=\"text-editor.default\">\n\t\t\t\t<div class=\"elementor-widget-container\">\n\t\t\t\t\t\t\t<p><!-- wp:fl-builder\/layout --><\/p>\n<h2><strong>Visi\u00f3n<\/strong><\/h2>\n<p>Ser una instituci\u00f3n de educaci\u00f3n media superior certificada, orientada al aprendizaje y desarrollo de conocimientos tecnol\u00f3gicos y human\u00edsticos.<\/p>\n<p>\u00a0<\/p>\n<h2><b>Misi\u00f3n<\/b><\/h2>\n<p>Formar personas con conocimientos tecnol\u00f3gicos en las \u00e1reas industrial, comercial y de servicios, a trav\u00e9s de la preparaci\u00f3n de bachilleres y profesionales t\u00e9cnicos, con el fin de contribuir al desarrollo sustentable del pa\u00eds.<\/p>\n<p>\u00a0<\/p>\n<h2><strong>Valores<\/strong><\/h2>\n<ul>\n<li>Liderazgo<\/li>\n<li>Vocaci\u00f3n de Servicio<\/li>\n<li>Trabajo en Equipo<\/li>\n<li>Orden y Disciplina<\/li>\n<li>Reconocimiento Laboral<\/li>\n<li>\u00a0<\/li>\n<\/ul>\n<h2><strong>Objetivo de Calidad<\/strong><\/h2>\n<p>Satisfacer las necesidades y expectativas de la sociedad en educaci\u00f3n media superior tecnol\u00f3gica, a trav\u00e9s de la formaci\u00f3n de bachilleres y t\u00e9cnicos profesionales que fortalezcan y desarrollen una cultura tecnol\u00f3gica y una infraestructura industrial y de servicios con enfoque hacia la calidad.<\/p>\n<p>\u00a0<\/p>\n<h2><strong>Pol\u00edtica de Calidad<\/strong><\/h2>\n<p>Formar y desarrollar integralmente a los educandos del sistema de educaci\u00f3n tecnol\u00f3gica industrial, en donde se manifiesta el avance y desarrollo tecnol\u00f3gico, la experiencia del personal docente, t\u00e9cnico, administrativo y directivo, reforzando los valores que los motiven a la calidad, creatividad y la mejora continua en los procesos institucionales para la satisfacci\u00f3n de nuestros clientes.<\/p>\n<p>\u00a0<\/p>\n<h2>\u00a0<\/h2>\n<p><!-- \/wp:fl-builder\/layout --><\/p>\t\t\t\t\t\t<\/div>\n\t\t\t\t<\/div>\n\t\t\t\t\t<\/div>\n\t\t<\/div>\n\t\t\t\t\t\t\t<\/div>\n\t\t<\/section>\n\t\t\t\t<section class=\"elementor-section elementor-top-section elementor-element elementor-element-b807c82 elementor-section-boxed elementor-section-height-default elementor-section-height-default\" data-id=\"b807c82\" data-element_type=\"section\">\n\t\t\t\t\t\t<div class=\"elementor-container elementor-column-gap-default\">\n\t\t\t\t\t<div class=\"elementor-column elementor-col-100 elementor-top-column elementor-element elementor-element-2071840\" data-id=\"2071840\" data-element_type=\"column\">\n\t\t\t<div class=\"elementor-widget-wrap elementor-element-populated\">\n\t\t\t\t\t\t\t\t<div class=\"elementor-element elementor-element-49305ad elementor-widget elementor-widget-heading\" data-id=\"49305ad\" data-element_type=\"widget\" data-widget_type=\"heading.default\">\n\t\t\t\t<div class=\"elementor-widget-container\">\n\t\t\t<h2 class=\"elementor-heading-title elementor-size-default\"><span style=\"color: rgb(0, 0, 0); font-family: Roboto; font-size: 2.5rem; font-weight: 500;\">C\u00f3digo de \u00e9tica de la DGETI<\/span><\/h2>\t\t<\/div>\n\t\t\t\t<\/div>\n\t\t\t\t\t<\/div>\n\t\t<\/div>\n\t\t\t\t\t\t\t<\/div>\n\t\t<\/section>\n\t\t\t\t<section class=\"elementor-section elementor-top-section elementor-element elementor-element-e041f35 elementor-section-boxed elementor-section-height-default elementor-section-height-default\" data-id=\"e041f35\" data-element_type=\"section\">\n\t\t\t\t\t\t<div class=\"elementor-container elementor-column-gap-default\">\n\t\t\t\t\t<div class=\"elementor-column elementor-col-100 elementor-top-column elementor-element elementor-element-fc2f00a\" data-id=\"fc2f00a\" data-element_type=\"column\">\n\t\t\t<div class=\"elementor-widget-wrap elementor-element-populated\">\n\t\t\t\t\t\t\t\t<div class=\"elementor-element elementor-element-f457185 animated-slow elementor-invisible elementor-widget elementor-widget-text-editor\" data-id=\"f457185\" data-element_type=\"widget\" data-settings=\"{&quot;_animation&quot;:&quot;zoomIn&quot;}\" data-widget_type=\"text-editor.default\">\n\t\t\t\t<div class=\"elementor-widget-container\">\n\t\t\t\t\t\t\t<ul>\n<li>Buscar el bien com\u00fan para alumnos, trabajadores, docentes y de apoyo a la educaci\u00f3n, por encima de los intereses.<\/li><li><br><\/li>\n<li>Con acciones y palabras honestas y dignas de credibilidad propiciar, el beneficio, el beneficio de la instituci\u00f3n.<\/li><li><br><\/li>\n<li>No usar el cargo en la instituci\u00f3n para ganancia personal.<\/li><li><br><\/li>\n<li>Actuar siempre en forma imparcial y en estricta observancia de la norma.<\/li><li><br><\/li>\n<li>Garantizar el acceso a la informaci\u00f3n de la gesti\u00f3n acad\u00e9mica y administrativa.<\/li><li><br><\/li>\n<li>Atender con eficacia y calidad de optimizaci\u00f3n de los recursos y la rendici\u00f3n de cuentas.<\/li><li><br><\/li>\n<li>Respetar y defender la preservaci\u00f3n del entorno cultural y ecol\u00f3gico de la instituci\u00f3n.<\/li><li><br><\/li>\n<li>Atender a todos los miembros de la instituci\u00f3n y a la comunidad con generosidad, sensibilidad, solidaridad e igualdad.<\/li><li><br><\/li>\n<li>Respetar sin excepci\u00f3n alguna la dignidad de la persona humana y de los derechos y libertadas que le son inherentes.<\/li><li><br><\/li>\n<li>Promover y apoyar estos compromisos con el ejemplo personal.<\/li>\n<\/ul>\t\t\t\t\t\t<\/div>\n\t\t\t\t<\/div>\n\t\t\t\t\t<\/div>\n\t\t<\/div>\n\t\t\t\t\t\t\t<\/div>\n\t\t<\/section>\n\t\t\t\t<section class=\"elementor-section elementor-top-section elementor-element elementor-element-14be2e9 elementor-section-boxed elementor-section-height-default elementor-section-height-default\" data-id=\"14be2e9\" data-element_type=\"section\">\n\t\t\t\t\t\t<div class=\"elementor-container elementor-column-gap-default\">\n\t\t\t\t\t<div class=\"elementor-column elementor-col-100 elementor-top-column elementor-element elementor-element-5fdbd18\" data-id=\"5fdbd18\" data-element_type=\"column\">\n\t\t\t<div class=\"elementor-widget-wrap elementor-element-populated\">\n\t\t\t\t\t\t\t\t<div class=\"elementor-element elementor-element-ec683af elementor-widget elementor-widget-image\" data-id=\"ec683af\" data-element_type=\"widget\" data-widget_type=\"image.default\">\n\t\t\t\t<div class=\"elementor-widget-container\">\n\t\t\t\t\t\t\t\t\t\t\t\t\t\t\t<img decoding=\"async\" width=\"219\" height=\"195\" src=\"https:\/\/cetis27.edu.mx\/wp-content\/uploads\/2021\/06\/image.png\" class=\"attachment-large size-large wp-image-5133\" alt=\"\" \/>\t\t\t\t\t\t\t\t\t\t\t\t\t\t\t<\/div>\n\t\t\t\t<\/div>\n\t\t\t\t\t<\/div>\n\t\t<\/div>\n\t\t\t\t\t\t\t<\/div>\n\t\t<\/section>\n\t\t\t\t\t\t\t<\/div>\n\t\t","protected":false},"excerpt":{"rendered":"<p>C\u00f3digo de \u00e9tica de la DGETI Buscar el bien com\u00fan para alumnos, trabajadores, docentes y de apoyo a la educaci\u00f3n, por encima de los intereses. Con acciones y palabras honestas y dignas de credibilidad propiciar, el beneficio, el beneficio de la instituci\u00f3n. No usar el cargo en la instituci\u00f3n para ganancia personal. Actuar siempre en [&hellip;]<\/p>\n","protected":false},"author":1,"featured_media":0,"parent":0,"menu_order":0,"comment_status":"closed","ping_status":"closed","template":"","meta":{"footnotes":""},"class_list":["post-4311","page","type-page","status-publish","hentry"],"_links":{"self":[{"href":"https:\/\/cetis27.edu.mx\/index.php?rest_route=\/wp\/v2\/pages\/4311","targetHints":{"allow":["GET"]}}],"collection":[{"href":"https:\/\/cetis27.edu.mx\/index.php?rest_route=\/wp\/v2\/pages"}],"about":[{"href":"https:\/\/cetis27.edu.mx\/index.php?rest_route=\/wp\/v2\/types\/page"}],"author":[{"embeddable":true,"href":"https:\/\/cetis27.edu.mx\/index.php?rest_route=\/wp\/v2\/users\/1"}],"replies":[{"embeddable":true,"href":"https:\/\/cetis27.edu.mx\/index.php?rest_route=%2Fwp%2Fv2%2Fcomments&post=4311"}],"version-history":[{"count":21,"href":"https:\/\/cetis27.edu.mx\/index.php?rest_route=\/wp\/v2\/pages\/4311\/revisions"}],"predecessor-version":[{"id":6427,"href":"https:\/\/cetis27.edu.mx\/index.php?rest_route=\/wp\/v2\/pages\/4311\/revisions\/6427"}],"wp:attachment":[{"href":"https:\/\/cetis27.edu.mx\/index.php?rest_route=%2Fwp%2Fv2%2Fmedia&parent=4311"}],"curies":[{"name":"wp","href":"https:\/\/api.w.org\/{rel}","templated":true}]}}